{"id":7637,"date":"2019-06-12T22:25:38","date_gmt":"2019-06-12T20:25:38","guid":{"rendered":"https:\/\/foodtwins.de\/?page_id=7637"},"modified":"2019-06-12T22:27:17","modified_gmt":"2019-06-12T20:27:17","slug":"idealgewicht-berechnen","status":"publish","type":"page","link":"https:\/\/foodtwins.de\/en\/diat-tools-und-helfer\/idealgewicht-berechnen\/","title":{"rendered":"Idealgewicht berechnen"},"content":{"rendered":"<h1 class=\"wp-block-heading\" style=\"text-align:center\">Berechne dein Idealgewicht<\/h1>\n\n\n\n<p class=\"wp-block-paragraph\" style=\"text-align:center\">Wenn du dein Idealgewicht bisher noch nicht berechnet hast, kannst du dieses hier nachholen. <\/p>\n\n\n\n<div style=\"height:30px\" aria-hidden=\"true\" class=\"wp-block-spacer\"><\/div>\n\n\n\n<h2 class=\"wp-block-heading\" style=\"text-align:center\">Hier kannst du dein Idealgewicht berechnen<\/h2>\n\n\n\n<div style=\"height:30px\" aria-hidden=\"true\" class=\"wp-block-spacer\"><\/div>\n\n\n\n<div class=\"yz-widget\" data-calculator-type=\"ideal_weight\" data-language=\"de\" data-unit-system=\"metric\" data-background-color=\"#fff1f7\" data-text-color=\"#212121\" data-primary-color=\"#ff0076\" data-alternate-background-color=\"#ffffff\" data-alternate-text-color=\"#FFFFFF\" data-secondary-color=\"#ff0076\"><span class=\"yz-copyright\">Powered by <a href=\"https:\/\/www.yazio.com\/de\/idealgewicht-berechnen\">YAZIO<\/a><\/span><\/div>\n<script src=\"https:\/\/widget.yazio.com\/calculator.js\" async=\"\"><\/script>\n\n\n\n<div style=\"height:100px\" aria-hidden=\"true\" class=\"wp-block-spacer\"><\/div>","protected":false},"excerpt":{"rendered":"<p>Berechne dein Idealgewicht Wenn du dein Idealgewicht bisher noch nicht berechnet hast, kannst du dieses hier nachholen. Hier kannst du dein Idealgewicht berechnen Powered by YAZIO<\/p>","protected":false},"author":1,"featured_media":0,"parent":7644,"menu_order":0,"comment_status":"closed","ping_status":"closed","template":"page-templates\/full-width.php","meta":{"_crdt_document":"","jetpack_post_was_ever_published":false,"footnotes":""},"class_list":["post-7637","page","type-page","status-publish","hentry"],"yoast_head":"<!-- This site is optimized with the Yoast SEO plugin v27.4 - https:\/\/yoast.com\/product\/yoast-seo-wordpress\/ -->\n<title>Idealgewicht berechnen - Berechne hier dein Idealgewicht<\/title>\n<meta name=\"description\" content=\"Mit unserem Idealgewicht Rechner kannst du dein Idealgewicht ganz einfach, schnell und unkompliziert berechnen lassen. Berechne dein Idealgewicht jetzt\" \/>\n<meta name=\"robots\" content=\"index, follow, max-snippet:-1, max-image-preview:large, max-video-preview:-1\" \/>\n<link rel=\"canonical\" href=\"https:\/\/foodtwins.de\/en\/diat-tools-und-helfer\/idealgewicht-berechnen\/\" \/>\n<meta property=\"og:locale\" content=\"en_US\" \/>\n<meta property=\"og:type\" content=\"article\" \/>\n<meta property=\"og:title\" content=\"Idealgewicht berechnen - Berechne hier dein Idealgewicht\" \/>\n<meta property=\"og:description\" content=\"Mit unserem Idealgewicht Rechner kannst du dein Idealgewicht ganz einfach, schnell und unkompliziert berechnen lassen. Berechne dein Idealgewicht jetzt\" \/>\n<meta property=\"og:url\" content=\"https:\/\/foodtwins.de\/en\/diat-tools-und-helfer\/idealgewicht-berechnen\/\" \/>\n<meta property=\"og:site_name\" content=\"FOOD TWINS\" \/>\n<meta property=\"article:modified_time\" content=\"2019-06-12T20:27:17+00:00\" \/>\n<meta name=\"twitter:card\" content=\"summary_large_image\" \/>\n<script type=\"application\/ld+json\" class=\"yoast-schema-graph\">{\"@context\":\"https:\\\/\\\/schema.org\",\"@graph\":[{\"@type\":\"WebPage\",\"@id\":\"https:\\\/\\\/foodtwins.de\\\/diat-tools-und-helfer\\\/idealgewicht-berechnen\\\/\",\"url\":\"https:\\\/\\\/foodtwins.de\\\/diat-tools-und-helfer\\\/idealgewicht-berechnen\\\/\",\"name\":\"Idealgewicht berechnen - Berechne hier dein Idealgewicht\",\"isPartOf\":{\"@id\":\"https:\\\/\\\/foodtwins.de\\\/#website\"},\"datePublished\":\"2019-06-12T20:25:38+00:00\",\"dateModified\":\"2019-06-12T20:27:17+00:00\",\"description\":\"Mit unserem Idealgewicht Rechner kannst du dein Idealgewicht ganz einfach, schnell und unkompliziert berechnen lassen. Berechne dein Idealgewicht jetzt\",\"breadcrumb\":{\"@id\":\"https:\\\/\\\/foodtwins.de\\\/diat-tools-und-helfer\\\/idealgewicht-berechnen\\\/#breadcrumb\"},\"inLanguage\":\"en-US\",\"potentialAction\":[{\"@type\":\"ReadAction\",\"target\":[\"https:\\\/\\\/foodtwins.de\\\/diat-tools-und-helfer\\\/idealgewicht-berechnen\\\/\"]}]},{\"@type\":\"BreadcrumbList\",\"@id\":\"https:\\\/\\\/foodtwins.de\\\/diat-tools-und-helfer\\\/idealgewicht-berechnen\\\/#breadcrumb\",\"itemListElement\":[{\"@type\":\"ListItem\",\"position\":1,\"name\":\"Startseite\",\"item\":\"https:\\\/\\\/foodtwins.de\\\/\"},{\"@type\":\"ListItem\",\"position\":2,\"name\":\"Di\u00e4t Tools und Helfer\",\"item\":\"https:\\\/\\\/foodtwins.de\\\/diat-tools-und-helfer\\\/\"},{\"@type\":\"ListItem\",\"position\":3,\"name\":\"Idealgewicht berechnen\"}]},{\"@type\":\"WebSite\",\"@id\":\"https:\\\/\\\/foodtwins.de\\\/#website\",\"url\":\"https:\\\/\\\/foodtwins.de\\\/\",\"name\":\"FOOD TWINS\",\"description\":\"Gute K\u00fcche | Backen | Ern\u00e4hrungstrends | Kochb\u00fccher\",\"potentialAction\":[{\"@type\":\"SearchAction\",\"target\":{\"@type\":\"EntryPoint\",\"urlTemplate\":\"https:\\\/\\\/foodtwins.de\\\/?s={search_term_string}\"},\"query-input\":{\"@type\":\"PropertyValueSpecification\",\"valueRequired\":true,\"valueName\":\"search_term_string\"}}],\"inLanguage\":\"en-US\"}]}<\/script>\n<!-- \/ Yoast SEO plugin. -->","yoast_head_json":{"title":"Idealgewicht berechnen - Berechne hier dein Idealgewicht","description":"Mit unserem Idealgewicht Rechner kannst du dein Idealgewicht ganz einfach, schnell und unkompliziert berechnen lassen. Berechne dein Idealgewicht jetzt","robots":{"index":"index","follow":"follow","max-snippet":"max-snippet:-1","max-image-preview":"max-image-preview:large","max-video-preview":"max-video-preview:-1"},"canonical":"https:\/\/foodtwins.de\/en\/diat-tools-und-helfer\/idealgewicht-berechnen\/","og_locale":"en_US","og_type":"article","og_title":"Idealgewicht berechnen - Berechne hier dein Idealgewicht","og_description":"Mit unserem Idealgewicht Rechner kannst du dein Idealgewicht ganz einfach, schnell und unkompliziert berechnen lassen. Berechne dein Idealgewicht jetzt","og_url":"https:\/\/foodtwins.de\/en\/diat-tools-und-helfer\/idealgewicht-berechnen\/","og_site_name":"FOOD TWINS","article_modified_time":"2019-06-12T20:27:17+00:00","twitter_card":"summary_large_image","schema":{"@context":"https:\/\/schema.org","@graph":[{"@type":"WebPage","@id":"https:\/\/foodtwins.de\/diat-tools-und-helfer\/idealgewicht-berechnen\/","url":"https:\/\/foodtwins.de\/diat-tools-und-helfer\/idealgewicht-berechnen\/","name":"Idealgewicht berechnen - Berechne hier dein Idealgewicht","isPartOf":{"@id":"https:\/\/foodtwins.de\/#website"},"datePublished":"2019-06-12T20:25:38+00:00","dateModified":"2019-06-12T20:27:17+00:00","description":"Mit unserem Idealgewicht Rechner kannst du dein Idealgewicht ganz einfach, schnell und unkompliziert berechnen lassen. Berechne dein Idealgewicht jetzt","breadcrumb":{"@id":"https:\/\/foodtwins.de\/diat-tools-und-helfer\/idealgewicht-berechnen\/#breadcrumb"},"inLanguage":"en-US","potentialAction":[{"@type":"ReadAction","target":["https:\/\/foodtwins.de\/diat-tools-und-helfer\/idealgewicht-berechnen\/"]}]},{"@type":"BreadcrumbList","@id":"https:\/\/foodtwins.de\/diat-tools-und-helfer\/idealgewicht-berechnen\/#breadcrumb","itemListElement":[{"@type":"ListItem","position":1,"name":"Startseite","item":"https:\/\/foodtwins.de\/"},{"@type":"ListItem","position":2,"name":"Di\u00e4t Tools und Helfer","item":"https:\/\/foodtwins.de\/diat-tools-und-helfer\/"},{"@type":"ListItem","position":3,"name":"Idealgewicht berechnen"}]},{"@type":"WebSite","@id":"https:\/\/foodtwins.de\/#website","url":"https:\/\/foodtwins.de\/","name":"FOOD TWINS","description":"Gute K\u00fcche | Backen | Ern\u00e4hrungstrends | Kochb\u00fccher","potentialAction":[{"@type":"SearchAction","target":{"@type":"EntryPoint","urlTemplate":"https:\/\/foodtwins.de\/?s={search_term_string}"},"query-input":{"@type":"PropertyValueSpecification","valueRequired":true,"valueName":"search_term_string"}}],"inLanguage":"en-US"}]}},"jetpack_sharing_enabled":true,"jetpack_shortlink":"https:\/\/wp.me\/PatkKK-1Zb","jetpack-related-posts":[],"jetpack_likes_enabled":true,"_links":{"self":[{"href":"https:\/\/foodtwins.de\/en\/wp-json\/wp\/v2\/pages\/7637","targetHints":{"allow":["GET"]}}],"collection":[{"href":"https:\/\/foodtwins.de\/en\/wp-json\/wp\/v2\/pages"}],"about":[{"href":"https:\/\/foodtwins.de\/en\/wp-json\/wp\/v2\/types\/page"}],"author":[{"embeddable":true,"href":"https:\/\/foodtwins.de\/en\/wp-json\/wp\/v2\/users\/1"}],"replies":[{"embeddable":true,"href":"https:\/\/foodtwins.de\/en\/wp-json\/wp\/v2\/comments?post=7637"}],"version-history":[{"count":0,"href":"https:\/\/foodtwins.de\/en\/wp-json\/wp\/v2\/pages\/7637\/revisions"}],"up":[{"embeddable":true,"href":"https:\/\/foodtwins.de\/en\/wp-json\/wp\/v2\/pages\/7644"}],"wp:attachment":[{"href":"https:\/\/foodtwins.de\/en\/wp-json\/wp\/v2\/media?parent=7637"}],"curies":[{"name":"wp","href":"https:\/\/api.w.org\/{rel}","templated":true}]}}