{"id":747,"date":"2018-11-24T14:38:28","date_gmt":"2018-11-24T13:38:28","guid":{"rendered":"http:\/\/foodtwins.de\/?page_id=747"},"modified":"2018-12-07T21:42:32","modified_gmt":"2018-12-07T20:42:32","slug":"einkaufstipps","status":"publish","type":"page","link":"https:\/\/foodtwins.de\/en\/einkaufstipps\/","title":{"rendered":"Einkaufstipps"},"content":{"rendered":"<h1 class=\"wp-block-heading\" style=\"text-align:center\">Unsere Einkaufstipps im \u00dcberblick<\/h1>\n\n\n\n<hr class=\"wp-block-separator\"\/>\n\n\n\n<div style=\"height:30px\" aria-hidden=\"true\" class=\"wp-block-spacer\"><\/div>\n\n\n<div id=\"pl-gb747-69ef71c4730af\"  class=\"panel-layout\" ><div id=\"pg-gb747-69ef71c4730af-0\"  class=\"panel-grid panel-no-style\" ><div id=\"pgc-gb747-69ef71c4730af-0-0\"  class=\"panel-grid-cell\" ><div id=\"panel-gb747-69ef71c4730af-0-0-0\" class=\"so-panel widget widget_wpzoom-featured-cat-home wpzoom-featured-cat-home panel-first-child panel-last-child\" data-index=\"0\" ><h3 class=\"title\"><a href=\"https:\/\/foodtwins.de\/en\/category\/einkaufstipps\/zuckerersatz\/\">Zuckerersatz<\/a><\/h3>\n                <div class=\"featured-grid-6\">\n\n\n\t\t       \t<ul class=\"wpz-featured-grid\">\n\n    \t          \t\n\n                        <li>\n\n                            <article id=\"post-7148\" class=\"regular-post post-7148 post type-post status-publish format-standard has-post-thumbnail hentry category-alle-beitraege category-einkaufstipps category-xucker-produkte category-zuckerersatz tag-einkaufstipps\">\n\n                                                                        <div class=\"post-thumb\"><a href=\"https:\/\/foodtwins.de\/en\/einkaufstipps\/zuckerersatz\/xucker-produkte\/xucker-light\/\" title=\"Xucker Light\">\n                                            <img loading=\"lazy\" decoding=\"async\" width=\"360\" height=\"240\" src=\"https:\/\/i0.wp.com\/foodtwins.de\/wp-content\/uploads\/2019\/02\/Xucker-Light-Beitragsbild.png?resize=360%2C240&amp;ssl=1\" class=\"attachment-loop size-loop wp-post-image\" alt=\"Xucker Light\" srcset=\"https:\/\/i0.wp.com\/foodtwins.de\/wp-content\/uploads\/2019\/02\/Xucker-Light-Beitragsbild.png?w=640&amp;ssl=1 640w, https:\/\/i0.wp.com\/foodtwins.de\/wp-content\/uploads\/2019\/02\/Xucker-Light-Beitragsbild.png?resize=300%2C200&amp;ssl=1 300w, https:\/\/i0.wp.com\/foodtwins.de\/wp-content\/uploads\/2019\/02\/Xucker-Light-Beitragsbild.png?resize=360%2C240&amp;ssl=1 360w, https:\/\/i0.wp.com\/foodtwins.de\/wp-content\/uploads\/2019\/02\/Xucker-Light-Beitragsbild.png?resize=272%2C182&amp;ssl=1 272w\" sizes=\"auto, (max-width: 360px) 100vw, 360px\" data-attachment-id=\"7220\" data-permalink=\"https:\/\/foodtwins.de\/en\/einkaufstipps\/zuckerersatz\/xucker-produkte\/xucker-light\/attachment\/xucker-light-beitragsbild\/\" data-orig-file=\"https:\/\/i0.wp.com\/foodtwins.de\/wp-content\/uploads\/2019\/02\/Xucker-Light-Beitragsbild.png?fit=640%2C426&amp;ssl=1\" data-orig-size=\"640,426\" data-comments-opened=\"1\" data-image-meta=\"{&quot;aperture&quot;:&quot;0&quot;,&quot;credit&quot;:&quot;&quot;,&quot;camera&quot;:&quot;&quot;,&quot;caption&quot;:&quot;&quot;,&quot;created_timestamp&quot;:&quot;0&quot;,&quot;copyright&quot;:&quot;&quot;,&quot;focal_length&quot;:&quot;0&quot;,&quot;iso&quot;:&quot;0&quot;,&quot;shutter_speed&quot;:&quot;0&quot;,&quot;title&quot;:&quot;&quot;,&quot;orientation&quot;:&quot;0&quot;}\" data-image-title=\"Xucker Light\" data-image-description=\"\" data-image-caption=\"\" data-large-file=\"https:\/\/i0.wp.com\/foodtwins.de\/wp-content\/uploads\/2019\/02\/Xucker-Light-Beitragsbild.png?fit=640%2C426&amp;ssl=1\" \/>                                        <\/a><\/div>\n                                    \n                                <section class=\"entry-body\">\n\n                                    <span class=\"entry-date\">18. February 2019<\/span>\n                                    <h3 class=\"entry-title\"><a href=\"https:\/\/foodtwins.de\/en\/einkaufstipps\/zuckerersatz\/xucker-produkte\/xucker-light\/\" rel=\"bookmark\">Xucker Light<\/a><\/h3>\n                                    \n                                    <p>Xucker Light (Erythrit) ist eine kalorienfreie und gesunde Alternative zu normalem Haushaltszucker.<\/p>\n\n                                <\/section>\n\n                                <div class=\"clearfix\"><\/div>\n                            <\/article><!-- #post-7148 -->\n\n                        <\/li>\n\n\n                    \n\n                        <li>\n\n                            <article id=\"post-5896\" class=\"regular-post post-5896 post type-post status-publish format-standard has-post-thumbnail hentry category-alle-beitraege category-einkaufstipps category-xucker-produkte category-zuckerersatz tag-einkaufstipps\">\n\n                                                                        <div class=\"post-thumb\"><a href=\"https:\/\/foodtwins.de\/en\/einkaufstipps\/zuckerersatz\/xucker-produkte\/xucker-premium\/\" title=\"Xucker Premium\">\n                                            <img loading=\"lazy\" decoding=\"async\" width=\"360\" height=\"240\" src=\"https:\/\/i0.wp.com\/foodtwins.de\/wp-content\/uploads\/2018\/12\/Design-ohne-Titel.png?resize=360%2C240&amp;ssl=1\" class=\"attachment-loop size-loop wp-post-image\" alt=\"Xucker Premium\" srcset=\"https:\/\/i0.wp.com\/foodtwins.de\/wp-content\/uploads\/2018\/12\/Design-ohne-Titel.png?w=640&amp;ssl=1 640w, https:\/\/i0.wp.com\/foodtwins.de\/wp-content\/uploads\/2018\/12\/Design-ohne-Titel.png?resize=300%2C200&amp;ssl=1 300w, https:\/\/i0.wp.com\/foodtwins.de\/wp-content\/uploads\/2018\/12\/Design-ohne-Titel.png?resize=83%2C55&amp;ssl=1 83w, https:\/\/i0.wp.com\/foodtwins.de\/wp-content\/uploads\/2018\/12\/Design-ohne-Titel.png?resize=360%2C240&amp;ssl=1 360w, https:\/\/i0.wp.com\/foodtwins.de\/wp-content\/uploads\/2018\/12\/Design-ohne-Titel.png?resize=272%2C182&amp;ssl=1 272w\" sizes=\"auto, (max-width: 360px) 100vw, 360px\" data-attachment-id=\"5901\" data-permalink=\"https:\/\/foodtwins.de\/en\/design-ohne-titel-2\/\" data-orig-file=\"https:\/\/i0.wp.com\/foodtwins.de\/wp-content\/uploads\/2018\/12\/Design-ohne-Titel.png?fit=640%2C426&amp;ssl=1\" data-orig-size=\"640,426\" data-comments-opened=\"1\" data-image-meta=\"{&quot;aperture&quot;:&quot;0&quot;,&quot;credit&quot;:&quot;&quot;,&quot;camera&quot;:&quot;&quot;,&quot;caption&quot;:&quot;&quot;,&quot;created_timestamp&quot;:&quot;0&quot;,&quot;copyright&quot;:&quot;&quot;,&quot;focal_length&quot;:&quot;0&quot;,&quot;iso&quot;:&quot;0&quot;,&quot;shutter_speed&quot;:&quot;0&quot;,&quot;title&quot;:&quot;&quot;,&quot;orientation&quot;:&quot;0&quot;}\" data-image-title=\"Xucker Premium\" data-image-description=\"\" data-image-caption=\"\" data-large-file=\"https:\/\/i0.wp.com\/foodtwins.de\/wp-content\/uploads\/2018\/12\/Design-ohne-Titel.png?fit=640%2C426&amp;ssl=1\" \/>                                        <\/a><\/div>\n                                    \n                                <section class=\"entry-body\">\n\n                                    <span class=\"entry-date\">5. December 2018<\/span>\n                                    <h3 class=\"entry-title\"><a href=\"https:\/\/foodtwins.de\/en\/einkaufstipps\/zuckerersatz\/xucker-produkte\/xucker-premium\/\" rel=\"bookmark\">Xucker Premium<\/a><\/h3>\n                                    \n                                    <p>Xucker Premium (Xylit) ist eine kalorienreduzierte Alternative zu normalem Haushaltszucker.<\/p>\n\n                                <\/section>\n\n                                <div class=\"clearfix\"><\/div>\n                            <\/article><!-- #post-5896 -->\n\n                        <\/li>\n\n\n                    \n\t\t\t\t\n\t\t\t<\/ul><!-- \/.right-col  -->\n\n            <\/div>\n\n            \n                <div class=\"readmore_button\">\n                    <a href=\"https:\/\/foodtwins.de\/en\/category\/einkaufstipps\/zuckerersatz\/\">View More in Zuckerersatz&#8230;<\/a>\n                <\/div>\n            \n\t\t\t<\/div><\/div><\/div><\/div>","protected":false},"excerpt":{"rendered":"<p>Unsere Einkaufstipps im \u00dcberblick<\/p>","protected":false},"author":1,"featured_media":0,"parent":0,"menu_order":0,"comment_status":"closed","ping_status":"closed","template":"","meta":{"_crdt_document":"","jetpack_post_was_ever_published":false,"footnotes":""},"class_list":["post-747","page","type-page","status-publish","hentry"],"yoast_head":"<!-- This site is optimized with the Yoast SEO plugin v27.4 - https:\/\/yoast.com\/product\/yoast-seo-wordpress\/ -->\n<title>Einkaufstipps - FOOD TWINS<\/title>\n<meta name=\"robots\" content=\"index, follow, max-snippet:-1, max-image-preview:large, max-video-preview:-1\" \/>\n<link rel=\"canonical\" href=\"https:\/\/foodtwins.de\/en\/einkaufstipps\/\" \/>\n<meta property=\"og:locale\" content=\"en_US\" \/>\n<meta property=\"og:type\" content=\"article\" \/>\n<meta property=\"og:title\" content=\"Einkaufstipps - FOOD TWINS\" \/>\n<meta property=\"og:description\" content=\"Unsere Einkaufstipps im \u00dcberblick\" \/>\n<meta property=\"og:url\" content=\"https:\/\/foodtwins.de\/en\/einkaufstipps\/\" \/>\n<meta property=\"og:site_name\" content=\"FOOD TWINS\" \/>\n<meta property=\"article:modified_time\" content=\"2018-12-07T20:42:32+00:00\" \/>\n<meta name=\"twitter:card\" content=\"summary_large_image\" \/>\n<script type=\"application\/ld+json\" class=\"yoast-schema-graph\">{\"@context\":\"https:\\\/\\\/schema.org\",\"@graph\":[{\"@type\":\"WebPage\",\"@id\":\"https:\\\/\\\/foodtwins.de\\\/en\\\/einkaufstipps\\\/\",\"url\":\"https:\\\/\\\/foodtwins.de\\\/en\\\/einkaufstipps\\\/\",\"name\":\"Einkaufstipps - FOOD TWINS\",\"isPartOf\":{\"@id\":\"https:\\\/\\\/foodtwins.de\\\/#website\"},\"datePublished\":\"2018-11-24T13:38:28+00:00\",\"dateModified\":\"2018-12-07T20:42:32+00:00\",\"breadcrumb\":{\"@id\":\"https:\\\/\\\/foodtwins.de\\\/en\\\/einkaufstipps\\\/#breadcrumb\"},\"inLanguage\":\"en-US\",\"potentialAction\":[{\"@type\":\"ReadAction\",\"target\":[\"https:\\\/\\\/foodtwins.de\\\/en\\\/einkaufstipps\\\/\"]}]},{\"@type\":\"BreadcrumbList\",\"@id\":\"https:\\\/\\\/foodtwins.de\\\/en\\\/einkaufstipps\\\/#breadcrumb\",\"itemListElement\":[{\"@type\":\"ListItem\",\"position\":1,\"name\":\"Startseite\",\"item\":\"https:\\\/\\\/foodtwins.de\\\/\"},{\"@type\":\"ListItem\",\"position\":2,\"name\":\"Einkaufstipps\"}]},{\"@type\":\"WebSite\",\"@id\":\"https:\\\/\\\/foodtwins.de\\\/#website\",\"url\":\"https:\\\/\\\/foodtwins.de\\\/\",\"name\":\"FOOD TWINS\",\"description\":\"Gute K\u00fcche | Backen | Ern\u00e4hrungstrends | Kochb\u00fccher\",\"potentialAction\":[{\"@type\":\"SearchAction\",\"target\":{\"@type\":\"EntryPoint\",\"urlTemplate\":\"https:\\\/\\\/foodtwins.de\\\/?s={search_term_string}\"},\"query-input\":{\"@type\":\"PropertyValueSpecification\",\"valueRequired\":true,\"valueName\":\"search_term_string\"}}],\"inLanguage\":\"en-US\"}]}<\/script>\n<!-- \/ Yoast SEO plugin. -->","yoast_head_json":{"title":"Einkaufstipps - FOOD TWINS","robots":{"index":"index","follow":"follow","max-snippet":"max-snippet:-1","max-image-preview":"max-image-preview:large","max-video-preview":"max-video-preview:-1"},"canonical":"https:\/\/foodtwins.de\/en\/einkaufstipps\/","og_locale":"en_US","og_type":"article","og_title":"Einkaufstipps - FOOD TWINS","og_description":"Unsere Einkaufstipps im \u00dcberblick","og_url":"https:\/\/foodtwins.de\/en\/einkaufstipps\/","og_site_name":"FOOD TWINS","article_modified_time":"2018-12-07T20:42:32+00:00","twitter_card":"summary_large_image","schema":{"@context":"https:\/\/schema.org","@graph":[{"@type":"WebPage","@id":"https:\/\/foodtwins.de\/en\/einkaufstipps\/","url":"https:\/\/foodtwins.de\/en\/einkaufstipps\/","name":"Einkaufstipps - FOOD TWINS","isPartOf":{"@id":"https:\/\/foodtwins.de\/#website"},"datePublished":"2018-11-24T13:38:28+00:00","dateModified":"2018-12-07T20:42:32+00:00","breadcrumb":{"@id":"https:\/\/foodtwins.de\/en\/einkaufstipps\/#breadcrumb"},"inLanguage":"en-US","potentialAction":[{"@type":"ReadAction","target":["https:\/\/foodtwins.de\/en\/einkaufstipps\/"]}]},{"@type":"BreadcrumbList","@id":"https:\/\/foodtwins.de\/en\/einkaufstipps\/#breadcrumb","itemListElement":[{"@type":"ListItem","position":1,"name":"Startseite","item":"https:\/\/foodtwins.de\/"},{"@type":"ListItem","position":2,"name":"Einkaufstipps"}]},{"@type":"WebSite","@id":"https:\/\/foodtwins.de\/#website","url":"https:\/\/foodtwins.de\/","name":"FOOD TWINS","description":"Gute K\u00fcche | Backen | Ern\u00e4hrungstrends | Kochb\u00fccher","potentialAction":[{"@type":"SearchAction","target":{"@type":"EntryPoint","urlTemplate":"https:\/\/foodtwins.de\/?s={search_term_string}"},"query-input":{"@type":"PropertyValueSpecification","valueRequired":true,"valueName":"search_term_string"}}],"inLanguage":"en-US"}]}},"jetpack_sharing_enabled":true,"jetpack_shortlink":"https:\/\/wp.me\/PatkKK-c3","jetpack-related-posts":[],"jetpack_likes_enabled":true,"_links":{"self":[{"href":"https:\/\/foodtwins.de\/en\/wp-json\/wp\/v2\/pages\/747","targetHints":{"allow":["GET"]}}],"collection":[{"href":"https:\/\/foodtwins.de\/en\/wp-json\/wp\/v2\/pages"}],"about":[{"href":"https:\/\/foodtwins.de\/en\/wp-json\/wp\/v2\/types\/page"}],"author":[{"embeddable":true,"href":"https:\/\/foodtwins.de\/en\/wp-json\/wp\/v2\/users\/1"}],"replies":[{"embeddable":true,"href":"https:\/\/foodtwins.de\/en\/wp-json\/wp\/v2\/comments?post=747"}],"version-history":[{"count":0,"href":"https:\/\/foodtwins.de\/en\/wp-json\/wp\/v2\/pages\/747\/revisions"}],"wp:attachment":[{"href":"https:\/\/foodtwins.de\/en\/wp-json\/wp\/v2\/media?parent=747"}],"curies":[{"name":"wp","href":"https:\/\/api.w.org\/{rel}","templated":true}]}}